{"id":656,"date":"2021-09-11T17:00:37","date_gmt":"2021-09-11T15:00:37","guid":{"rendered":"http:\/\/medericlebouvier.com\/?page_id=656"},"modified":"2024-10-15T23:26:28","modified_gmt":"2024-10-15T21:26:28","slug":"mederic-lebouvier-ingenieur-musicien-photographe-normand","status":"publish","type":"page","link":"https:\/\/medericlebouvier.com\/","title":{"rendered":"Bienvenue"},"content":{"rendered":"\n<h2 class=\"wp-block-heading alignfull has-text-align-center has-huge-font-size\">M\u00e9d\u00e9ric Lebouvier<\/h2>\n\n\n\n<div class=\"wp-block-columns is-layout-flex wp-container-core-columns-is-layout-9d6595d7 wp-block-columns-is-layout-flex\">\n<div class=\"wp-block-column is-layout-flow wp-block-column-is-layout-flow\">\n<h2 class=\"wp-block-heading has-text-align-center\">Ing\u00e9nieur<\/h2>\n\n\n\n<p>Ing\u00e9nieur dipl\u00f4m\u00e9 en g\u00e9nie industriel, je suis actuellement planificateur de production chez Normandise Petfood.<\/p>\n\n\n\n<div class=\"wp-block-buttons is-horizontal is-content-justification-center is-layout-flex wp-container-core-buttons-is-layout-499968f5 wp-block-buttons-is-layout-flex\">\n<div class=\"wp-block-button\"><a class=\"wp-block-button__link wp-element-button\" href=\"http:\/\/medericlebouvier.com\/index.php\/cv\/\">Consultez mon CV<\/a><\/div>\n<\/div>\n<\/div>\n\n\n\n<div class=\"wp-block-column is-layout-flow wp-block-column-is-layout-flow\">\n<h2 class=\"wp-block-heading has-text-align-center\">Musicien<\/h2>\n\n\n\n<p>Guitariste, Bassiste et producteur de musique assist\u00e9e par ordinateur, j&rsquo;ai toujours des musiques dans la t\u00eate et des projets entre mes oreilles.<\/p>\n\n\n\n<div class=\"wp-block-buttons is-horizontal is-content-justification-center is-layout-flex wp-container-core-buttons-is-layout-499968f5 wp-block-buttons-is-layout-flex\">\n<div class=\"wp-block-button\"><a class=\"wp-block-button__link wp-element-button\" href=\"https:\/\/youtube.com\/playlist?list=PLSZhczepmNqEV6BVoMQGu6QLI50I3gAYg\" target=\"_blank\" rel=\"noreferrer noopener\">\u00c9coutez mes playlists<\/a><\/div>\n<\/div>\n<\/div>\n<\/div>\n\n\n\n<div class=\"wp-block-columns is-layout-flex wp-container-core-columns-is-layout-9d6595d7 wp-block-columns-is-layout-flex\">\n<div class=\"wp-block-column is-layout-flow wp-block-column-is-layout-flow\">\n<h2 class=\"wp-block-heading has-text-align-center has-large-font-size\">Photographe<\/h2>\n\n\n\n<p>Je partage humblement mes images dans ce portfolio. <\/p>\n\n\n\n<div class=\"wp-block-buttons is-horizontal is-content-justification-center is-layout-flex wp-container-core-buttons-is-layout-499968f5 wp-block-buttons-is-layout-flex\">\n<div class=\"wp-block-button\"><a class=\"wp-block-button__link wp-element-button\" href=\"http:\/\/medericlebouvier.com\/index.php\/portfolio-photo\/\">Regardez mes galeries<\/a><\/div>\n<\/div>\n<\/div>\n\n\n\n<div class=\"wp-block-column is-layout-flow wp-block-column-is-layout-flow\">\n<h2 class=\"wp-block-heading has-text-align-center\">Normand<\/h2>\n\n\n\n<p>N\u00e9 \u00e0 Vire, je suis tr\u00e8s attach\u00e9 \u00e0 ma r\u00e9gion natale et en particulier le bocage virois. Je partage ici ce que c&rsquo;est pour moi d&rsquo;\u00eatre Normand et essaie de rendre accessible documents ou images illustrant ce qu&rsquo;est de vivre dans cette r\u00e9gion.<\/p>\n\n\n\n<div class=\"wp-block-buttons is-horizontal is-content-justification-center is-layout-flex wp-container-core-buttons-is-layout-499968f5 wp-block-buttons-is-layout-flex\">\n<div class=\"wp-block-button\"><a class=\"wp-block-button__link wp-element-button\" href=\"http:\/\/medericlebouvier.com\/index.php\/normand\/\" target=\"_blank\" rel=\"noreferrer noopener\">Ma r\u00e9gion<\/a><\/div>\n<\/div>\n<\/div>\n<\/div>\n\n\n\n<h2 class=\"wp-block-heading has-text-align-center\">Me contacter<\/h2>\n\n\n\n<p class=\"has-text-align-center\">mederic@medericlebouvier.com<\/p>\n\n\n\n<p class=\"has-text-align-center\"><a href=\"https:\/\/www.linkedin.com\/in\/mederic-lebouvier\/\">https:\/\/www.linkedin.com\/in\/mederic-lebouvier\/<\/a><\/p>\n\n\n\n<p><\/p>\n","protected":false},"excerpt":{"rendered":"<p>M\u00e9d\u00e9ric Lebouvier Ing\u00e9nieur Ing\u00e9nieur dipl\u00f4m\u00e9 en g\u00e9nie industriel, je suis actuellement planificateur de production chez Normandise Petfood. Musicien Guitariste, Bassiste et producteur de musique assist\u00e9e par ordinateur, j&rsquo;ai toujours des musiques dans la t\u00eate et des projets entre mes oreilles.<\/p>\n","protected":false},"author":1,"featured_media":0,"parent":0,"menu_order":0,"comment_status":"closed","ping_status":"closed","template":"page-templates\/full-width.php","meta":{"footnotes":""},"class_list":["post-656","page","type-page","status-publish","hentry"],"_links":{"self":[{"href":"https:\/\/medericlebouvier.com\/index.php\/wp-json\/wp\/v2\/pages\/656","targetHints":{"allow":["GET"]}}],"collection":[{"href":"https:\/\/medericlebouvier.com\/index.php\/wp-json\/wp\/v2\/pages"}],"about":[{"href":"https:\/\/medericlebouvier.com\/index.php\/wp-json\/wp\/v2\/types\/page"}],"author":[{"embeddable":true,"href":"https:\/\/medericlebouvier.com\/index.php\/wp-json\/wp\/v2\/users\/1"}],"replies":[{"embeddable":true,"href":"https:\/\/medericlebouvier.com\/index.php\/wp-json\/wp\/v2\/comments?post=656"}],"version-history":[{"count":10,"href":"https:\/\/medericlebouvier.com\/index.php\/wp-json\/wp\/v2\/pages\/656\/revisions"}],"predecessor-version":[{"id":725,"href":"https:\/\/medericlebouvier.com\/index.php\/wp-json\/wp\/v2\/pages\/656\/revisions\/725"}],"wp:attachment":[{"href":"https:\/\/medericlebouvier.com\/index.php\/wp-json\/wp\/v2\/media?parent=656"}],"curies":[{"name":"wp","href":"https:\/\/api.w.org\/{rel}","templated":true}]}}